{"id":372,"date":"2025-01-15T10:06:30","date_gmt":"2025-01-15T10:06:30","guid":{"rendered":"https:\/\/appnatasa.com\/apartman-3\/"},"modified":"2025-03-27T11:05:56","modified_gmt":"2025-03-27T11:05:56","slug":"apartman-3","status":"publish","type":"page","link":"https:\/\/appnatasa.com\/hr\/apartman-3\/","title":{"rendered":"Apartman 3"},"content":{"rendered":"<p>[et_pb_section fb_built=&#8221;1&#8243; _builder_version=&#8221;4.27.4&#8243; _module_preset=&#8221;default&#8221; background_color=&#8221;#f4f4f4&#8243; custom_padding=&#8221;||3px|||&#8221; global_colors_info=&#8221;{}&#8221;][et_pb_row make_equal=&#8221;on&#8221; _builder_version=&#8221;4.27.4&#8243; _module_preset=&#8221;default&#8221; width=&#8221;90%&#8221; width_tablet=&#8221;&#8221; width_phone=&#8221;95%&#8221; width_last_edited=&#8221;on|phone&#8221; max_width=&#8221;1300px&#8221; custom_css_main_element=&#8221;align-items: center;&#8221; locked=&#8221;off&#8221; global_colors_info=&#8221;{}&#8221;][et_pb_column type=&#8221;4_4&#8243; _builder_version=&#8221;4.21.0&#8243; _module_preset=&#8221;default&#8221; global_colors_info=&#8221;{}&#8221;][et_pb_text _builder_version=&#8221;4.27.4&#8243; _module_preset=&#8221;7df60491-f007-4b51-bacc-3b0ffa6efbe8&#8243; header_2_font_size=&#8221;45px&#8221; custom_margin=&#8221;||10px||false|false&#8221; global_colors_info=&#8221;{}&#8221;]<\/p>\n<h2>O apartmanu 3<\/h2>\n<p>[\/et_pb_text][dsm_icon_list icon_color=&#8221;#0f303f&#8221; icon_font_size=&#8221;25px&#8221; list_layout=&#8221;horizontal&#8221; list_space_between=&#8221;20px&#8221; list_padding=&#8221;0px||20px||false|false&#8221; text_indent=&#8221;3px&#8221; image_max_width=&#8221;20px&#8221; _builder_version=&#8221;4.27.4&#8243; _module_preset=&#8221;default&#8221; text_font=&#8221;Inter||||||||&#8221; text_letter_spacing=&#8221;1px&#8221; custom_margin=&#8221;1px||1px||false|false&#8221; custom_padding=&#8221;||||false|false&#8221; global_colors_info=&#8221;{}&#8221;][dsm_icon_list_child text=&#8221;70 m2&#8243; use_icon=&#8221;off&#8221; image=&#8221;https:\/\/appnatasa.com\/wp-content\/uploads\/2025\/01\/icons8-ruler-combined-64.png&#8221; _builder_version=&#8221;4.27.4&#8243; _module_preset=&#8221;default&#8221; global_colors_info=&#8221;{}&#8221;][\/dsm_icon_list_child][dsm_icon_list_child text=&#8221;2+4&#8243; use_icon=&#8221;off&#8221; image=&#8221;https:\/\/appnatasa.com\/wp-content\/uploads\/2025\/01\/icons8-persons-64.png&#8221; _builder_version=&#8221;4.27.4&#8243; _module_preset=&#8221;default&#8221; global_colors_info=&#8221;{}&#8221;][\/dsm_icon_list_child][dsm_icon_list_child text=&#8221;TV\/SAT&#8221; use_icon=&#8221;off&#8221; image=&#8221;https:\/\/appnatasa.com\/wp-content\/uploads\/2025\/01\/icons8-tv-64.png&#8221; _builder_version=&#8221;4.27.4&#8243; _module_preset=&#8221;default&#8221; global_colors_info=&#8221;{}&#8221;][\/dsm_icon_list_child][dsm_icon_list_child text=&#8221;Balkon 20m2&#8243; use_icon=&#8221;off&#8221; image=&#8221;https:\/\/appnatasa.com\/wp-content\/uploads\/2025\/01\/icons8-balcony-64.png&#8221; _builder_version=&#8221;4.27.4&#8243; _module_preset=&#8221;default&#8221; global_colors_info=&#8221;{}&#8221;][\/dsm_icon_list_child][dsm_icon_list_child text=&#8221;2 sobe&#8221; use_icon=&#8221;off&#8221; image=&#8221;https:\/\/appnatasa.com\/wp-content\/uploads\/2025\/01\/icons8-bed-64-1.png&#8221; _builder_version=&#8221;4.27.4&#8243; _module_preset=&#8221;default&#8221; global_colors_info=&#8221;{}&#8221;][\/dsm_icon_list_child][\/dsm_icon_list][\/et_pb_column][\/et_pb_row][\/et_pb_section][et_pb_section fb_built=&#8221;1&#8243; admin_label=&#8221;About&#8221; _builder_version=&#8221;4.21.0&#8243; _module_preset=&#8221;default&#8221; collapsed=&#8221;on&#8221; global_colors_info=&#8221;{}&#8221;][et_pb_row column_structure=&#8221;1_3,1_3,1_3&#8243; _builder_version=&#8221;4.27.4&#8243; _module_preset=&#8221;default&#8221; width=&#8221;90%&#8221; max_width=&#8221;1300px&#8221; global_colors_info=&#8221;{}&#8221;][et_pb_column type=&#8221;1_3&#8243; _builder_version=&#8221;4.27.4&#8243; _module_preset=&#8221;default&#8221; global_colors_info=&#8221;{}&#8221;][et_pb_text _builder_version=&#8221;4.27.4&#8243; _module_preset=&#8221;default&#8221; text_font=&#8221;Inter||||||||&#8221; header_3_font=&#8221;Prata|700|||||||&#8221; header_3_letter_spacing=&#8221;1px&#8221; global_colors_info=&#8221;{}&#8221;]<\/p>\n<h3><span>Osnovne informacije<\/span><\/h3>\n<p><span>Broj osoba: 2 + 4<\/span><br \/><span>Povr\u0161ina: 70m\u00b2<\/span><br \/><span>Prizemlje<\/span><br \/><span>Klima ure\u0111aj<\/span><br \/><span>Terasa: 20m\u00b2<\/span><br \/><span>Sobe: 2<\/span><br \/><span>Dnevni boravak<\/span><br \/><span>Kuhinja<\/span><br \/><span>Kupaonica<\/span><\/p>\n<p>[\/et_pb_text][\/et_pb_column][et_pb_column type=&#8221;1_3&#8243; _builder_version=&#8221;4.27.4&#8243; _module_preset=&#8221;default&#8221; global_colors_info=&#8221;{}&#8221;][et_pb_text _builder_version=&#8221;4.27.4&#8243; _module_preset=&#8221;default&#8221; text_font=&#8221;Inter||||||||&#8221; header_3_font=&#8221;Prata|700|||||||&#8221; header_3_letter_spacing=&#8221;1px&#8221; global_colors_info=&#8221;{}&#8221;]<\/p>\n<h3><b><span>Oprema<\/span><\/b><span><\/span><\/h3>\n<p>parkirno mjesto<br \/>klima ure\u0111aj<br \/>SAT-TV<br \/>pristup internetu<br \/>kuhinjski \u0161tednjak<br \/>hladnjak<br \/>zamrziva\u010d<br \/>posteljina<br \/>ru\u010dnici <br \/>terasa<br \/>dvori\u0161te<br \/>turisti\u010dka pristojba uklju\u010dena cijena<br \/>\u0161ljun\u010dana pla\u017ea <\/p>\n<p>[\/et_pb_text][\/et_pb_column][et_pb_column type=&#8221;1_3&#8243; _builder_version=&#8221;4.27.4&#8243; _module_preset=&#8221;default&#8221; global_colors_info=&#8221;{}&#8221;][et_pb_text _builder_version=&#8221;4.27.4&#8243; _module_preset=&#8221;default&#8221; text_font=&#8221;Inter||||||||&#8221; header_3_font=&#8221;Prata|700|||||||&#8221; header_3_letter_spacing=&#8221;1px&#8221; global_colors_info=&#8221;{}&#8221;]<\/p>\n<h3><span>Udaljenosti<\/span><\/h3>\n<p><span>pla\u017ea: 400 m<\/span><br \/><span>more: 400 m<\/span><br \/><span>centar grada: 100 m<\/span><br \/><span>trgovina: 100 m<\/span><br \/><span>restoran: 50 m<\/span><br \/><span>sport: 400 m<\/span><br \/><span>lije\u010dnik: 150 m<\/span><br \/><span>ljekarna: 5000 m<\/span><br \/><span>benzinska postaja: 5000 m<\/span><br \/><span>Bankomat: 150 m<\/span><br \/><span>po\u0161ta: 5000 m<\/span><br \/><span>autobusna stanica: 150 m<\/span><\/p>\n<p>[\/et_pb_text][\/et_pb_column][\/et_pb_row][\/et_pb_section][et_pb_section fb_built=&#8221;1&#8243; _builder_version=&#8221;4.27.4&#8243; _module_preset=&#8221;default&#8221; background_color=&#8221;#f2f2f2&#8243; global_colors_info=&#8221;{}&#8221;][et_pb_row use_custom_gutter=&#8221;on&#8221; gutter_width=&#8221;2&#8243; make_equal=&#8221;on&#8221; _builder_version=&#8221;4.27.4&#8243; _module_preset=&#8221;default&#8221; background_enable_color=&#8221;off&#8221; width=&#8221;90%&#8221; max_width=&#8221;1300px&#8221; max_width_tablet=&#8221;80%&#8221; max_width_phone=&#8221;95%&#8221; max_width_last_edited=&#8221;on|phone&#8221; custom_padding=&#8221;20px|20px|20px|20px|true|true&#8221; global_colors_info=&#8221;{}&#8221;][et_pb_column type=&#8221;4_4&#8243; _builder_version=&#8221;4.27.4&#8243; _module_preset=&#8221;default&#8221; global_colors_info=&#8221;{}&#8221;][et_pb_text _builder_version=&#8221;4.27.4&#8243; _module_preset=&#8221;7df60491-f007-4b51-bacc-3b0ffa6efbe8&#8243; header_2_font_size=&#8221;45px&#8221; custom_margin=&#8221;||10px||false|false&#8221; global_colors_info=&#8221;{}&#8221;]<\/p>\n<h2>Galerija slika<\/h2>\n<p>[\/et_pb_text][\/et_pb_column][\/et_pb_row][et_pb_row use_custom_gutter=&#8221;on&#8221; gutter_width=&#8221;2&#8243; make_equal=&#8221;on&#8221; admin_label=&#8221;prvi red barki&#8221; _builder_version=&#8221;4.27.4&#8243; _module_preset=&#8221;default&#8221; background_enable_color=&#8221;off&#8221; width=&#8221;90%&#8221; max_width=&#8221;1300px&#8221; max_width_tablet=&#8221;80%&#8221; max_width_phone=&#8221;95%&#8221; max_width_last_edited=&#8221;on|phone&#8221; custom_padding=&#8221;20px|20px|20px|20px|true|true&#8221; global_colors_info=&#8221;{}&#8221;][et_pb_column type=&#8221;4_4&#8243; admin_label=&#8221;ljiljan&#8221; _builder_version=&#8221;4.27.4&#8243; _module_preset=&#8221;default&#8221; background_enable_color=&#8221;off&#8221; custom_padding=&#8221;10px|10px|10px|10px|true|true&#8221; border_radii=&#8221;on|10px|10px|10px|10px&#8221; border_width_all=&#8221;1px&#8221; border_color_all=&#8221;rgba(3,76,160,0.15)&#8221; global_colors_info=&#8221;{}&#8221;][dsm_image_carousel gallery_ids=&#8221;320,316,312,308,304,366&#8243; speed=&#8221;1000&#8243; autoplay_speed=&#8221;5000&#8243; dots=&#8221;off&#8221; show_lightbox=&#8221;on&#8221; show_lightbox_gallery=&#8221;on&#8221; _builder_version=&#8221;4.27.4&#8243; _module_preset=&#8221;default&#8221; hover_enabled=&#8221;0&#8243; border_radii=&#8221;on|10px|10px|10px|10px&#8221; border_radii_image=&#8221;on|10px|10px|10px|10px&#8221; border_radii_slideshow_image=&#8221;on|10px|10px|10px|10px&#8221; border_radii_thumbnails_inactive_image=&#8221;on|10px|10px|10px|10px&#8221; global_colors_info=&#8221;{}&#8221; sticky_enabled=&#8221;0&#8243;][\/dsm_image_carousel][\/et_pb_column][\/et_pb_row][\/et_pb_section][et_pb_section fb_built=&#8221;1&#8243; admin_label=&#8221;Features&#8221; _builder_version=&#8221;4.27.4&#8243; _module_preset=&#8221;default&#8221; background_image=&#8221;https:\/\/appnatasa.com\/wp-content\/uploads\/2025\/01\/app-natasa-homepage-new.jpg&#8221; width=&#8221;80%&#8221; width_tablet=&#8221;80%&#8221; width_phone=&#8221;95%&#8221; width_last_edited=&#8221;on|tablet&#8221; module_alignment=&#8221;center&#8221; custom_margin=&#8221;60px||60px||true|false&#8221; custom_padding=&#8221;6vw||6vw||true|false&#8221; border_radii=&#8221;on|10px|10px|10px|10px&#8221; collapsed=&#8221;on&#8221; global_colors_info=&#8221;{}&#8221;][et_pb_row column_structure=&#8221;1_4,1_4,1_4,1_4&#8243; custom_padding_last_edited=&#8221;on|tablet&#8221; _builder_version=&#8221;4.27.4&#8243; _module_preset=&#8221;default&#8221; background_color=&#8221;rgba(255,255,255,0.95)&#8221; custom_padding=&#8221;40px|40px|40px|40px|true|true&#8221; custom_padding_tablet=&#8221;30px|30px|30px|30px|true|true&#8221; custom_padding_phone=&#8221;20px|20px|20px|20px|true|true&#8221; border_radii=&#8221;on|10px|10px|10px|10px&#8221; locked=&#8221;off&#8221; global_colors_info=&#8221;{}&#8221;][et_pb_column type=&#8221;1_4&#8243; _builder_version=&#8221;4.21.0&#8243; _module_preset=&#8221;default&#8221; global_colors_info=&#8221;{}&#8221;][et_pb_icon font_icon=&#8221;&#xf3c5;||fa||900&#8243; icon_color=&#8221;#595959&#8243; icon_width=&#8221;50px&#8221; icon_width_tablet=&#8221;50px&#8221; icon_width_phone=&#8221;30px&#8221; icon_width_last_edited=&#8221;on|phone&#8221; _builder_version=&#8221;4.27.4&#8243; _module_preset=&#8221;default&#8221; custom_margin=&#8221;||10px||false|false&#8221; custom_padding=&#8221;||0px||false|false&#8221; global_colors_info=&#8221;{}&#8221;][\/et_pb_icon][et_pb_text _builder_version=&#8221;4.27.4&#8243; _module_preset=&#8221;21b55c71-c3d6-47cc-8684-065138358770&#8243; text_orientation=&#8221;center&#8221; header_6_font_tablet=&#8221;&#8221; header_6_font_phone=&#8221;Inter|||on|||||&#8221; header_6_font_last_edited=&#8221;on|phone&#8221; global_colors_info=&#8221;{}&#8221;]<\/p>\n<h6>Premantura, Istra<\/h6>\n<p>[\/et_pb_text][\/et_pb_column][et_pb_column type=&#8221;1_4&#8243; _builder_version=&#8221;4.21.0&#8243; _module_preset=&#8221;default&#8221; global_colors_info=&#8221;{}&#8221;][et_pb_icon font_icon=&#8221;&#xf299;||fa||400&#8243; icon_color=&#8221;#595959&#8243; icon_width=&#8221;50px&#8221; icon_width_tablet=&#8221;50px&#8221; icon_width_phone=&#8221;30px&#8221; icon_width_last_edited=&#8221;on|phone&#8221; _builder_version=&#8221;4.27.4&#8243; _module_preset=&#8221;default&#8221; custom_margin=&#8221;||10px||false|false&#8221; custom_padding=&#8221;||0px||false|false&#8221; global_colors_info=&#8221;{}&#8221;][\/et_pb_icon][et_pb_text _builder_version=&#8221;4.27.4&#8243; _module_preset=&#8221;21b55c71-c3d6-47cc-8684-065138358770&#8243; text_orientation=&#8221;center&#8221; global_colors_info=&#8221;{}&#8221;]<\/p>\n<h6>900 m2  <\/h6>\n<p>[\/et_pb_text][\/et_pb_column][et_pb_column type=&#8221;1_4&#8243; _builder_version=&#8221;4.21.0&#8243; _module_preset=&#8221;default&#8221; global_colors_info=&#8221;{}&#8221;][et_pb_icon font_icon=&#8221;&#xf540;||fa||900&#8243; icon_color=&#8221;#595959&#8243; icon_width=&#8221;50px&#8221; icon_width_tablet=&#8221;50px&#8221; icon_width_phone=&#8221;30px&#8221; icon_width_last_edited=&#8221;on|phone&#8221; _builder_version=&#8221;4.27.4&#8243; _module_preset=&#8221;default&#8221; custom_margin=&#8221;||10px||false|false&#8221; custom_padding=&#8221;||0px||false|false&#8221; global_colors_info=&#8221;{}&#8221;][\/et_pb_icon][et_pb_text _builder_version=&#8221;4.27.4&#8243; _module_preset=&#8221;21b55c71-c3d6-47cc-8684-065138358770&#8243; text_orientation=&#8221;center&#8221; global_colors_info=&#8221;{}&#8221;]<\/p>\n<h6>Besplatan parking<\/h6>\n<p>[\/et_pb_text][\/et_pb_column][et_pb_column type=&#8221;1_4&#8243; _builder_version=&#8221;4.21.0&#8243; _module_preset=&#8221;default&#8221; global_colors_info=&#8221;{}&#8221;][et_pb_icon font_icon=&#8221;&#xf773;||fa||900&#8243; icon_color=&#8221;#595959&#8243; icon_width=&#8221;50px&#8221; icon_width_tablet=&#8221;50px&#8221; icon_width_phone=&#8221;30px&#8221; icon_width_last_edited=&#8221;on|phone&#8221; _builder_version=&#8221;4.27.4&#8243; _module_preset=&#8221;default&#8221; custom_margin=&#8221;||10px||false|false&#8221; custom_padding=&#8221;||0px||false|false&#8221; global_colors_info=&#8221;{}&#8221;][\/et_pb_icon][et_pb_text _builder_version=&#8221;4.27.4&#8243; _module_preset=&#8221;21b55c71-c3d6-47cc-8684-065138358770&#8243; text_orientation=&#8221;center&#8221; global_colors_info=&#8221;{}&#8221;]<\/p>\n<h6>600m od mora<\/h6>\n<p>[\/et_pb_text][\/et_pb_column][\/et_pb_row][\/et_pb_section]<\/p>\n","protected":false},"excerpt":{"rendered":"<p>O apartmanu 3<div class=\"et_pb_module dsm_icon_list dsm_icon_list_0\">\n\t\t\t\t\n\t\t\t\t\n\t\t\t\t\n\t\t\t\t\n\t\t\t\t\n\t\t\t\t\n\t\t\t\t<div class=\"et_pb_module_inner\">\n\t\t\t\t\t<ul class=\"dsm_icon_list_items dsm_icon_list_ltr_direction dsm_icon_list_layout_horizontal\"><li class=\"dsm_icon_list_child dsm_icon_list_child_0\">\n\t\t\t\t\n\t\t\t\t\n\t\t\t\t\n\t\t\t\t\n\t\t\t\t<span class=\"dsm_icon_list_wrapper\"><span class=\"dsm_icon_list_image\"><img decoding=\"async\" src=\"https:\/\/appnatasa.com\/wp-content\/uploads\/2025\/01\/icons8-ruler-combined-64.png\" alt=\"\" \/><\/span><\/span><span class=\"dsm_icon_list_text\">70 m2<\/span>\n\t\t\t<\/li><li class=\"dsm_icon_list_child dsm_icon_list_child_1\">\n\t\t\t\t\n\t\t\t\t\n\t\t\t\t\n\t\t\t\t\n\t\t\t\t<span class=\"dsm_icon_list_wrapper\"><span class=\"dsm_icon_list_image\"><img decoding=\"async\" src=\"https:\/\/appnatasa.com\/wp-content\/uploads\/2025\/01\/icons8-persons-64.png\" alt=\"\" \/><\/span><\/span><span class=\"dsm_icon_list_text\">2+4<\/span>\n\t\t\t<\/li><li class=\"dsm_icon_list_child dsm_icon_list_child_2\">\n\t\t\t\t\n\t\t\t\t\n\t\t\t\t\n\t\t\t\t\n\t\t\t\t<span class=\"dsm_icon_list_wrapper\"><span class=\"dsm_icon_list_image\"><img decoding=\"async\" src=\"https:\/\/appnatasa.com\/wp-content\/uploads\/2025\/01\/icons8-tv-64.png\" alt=\"\" \/><\/span><\/span><span class=\"dsm_icon_list_text\">TV\/SAT<\/span>\n\t\t\t<\/li><li class=\"dsm_icon_list_child dsm_icon_list_child_3\">\n\t\t\t\t\n\t\t\t\t\n\t\t\t\t\n\t\t\t\t\n\t\t\t\t<span class=\"dsm_icon_list_wrapper\"><span class=\"dsm_icon_list_image\"><img decoding=\"async\" src=\"https:\/\/appnatasa.com\/wp-content\/uploads\/2025\/01\/icons8-balcony-64.png\" alt=\"\" \/><\/span><\/span><span class=\"dsm_icon_list_text\">Balkon 20m2<\/span>\n\t\t\t<\/li><li class=\"dsm_icon_list_child dsm_icon_list_child_4\">\n\t\t\t\t\n\t\t\t\t\n\t\t\t\t\n\t\t\t\t\n\t\t\t\t<span class=\"dsm_icon_list_wrapper\"><span class=\"dsm_icon_list_image\"><img decoding=\"async\" src=\"https:\/\/appnatasa.com\/wp-content\/uploads\/2025\/01\/icons8-bed-64-1.png\" alt=\"\" \/><\/span><\/span><span class=\"dsm_icon_list_text\">2 sobe<\/span>\n\t\t\t<\/li><\/ul>\n\t\t\t\t<\/div>\n\t\t\t<\/div>Osnovne informacije Broj osoba: 2 + 4Povr\u0161ina: 70m\u00b2PrizemljeKlima ure\u0111ajTerasa: 20m\u00b2Sobe: 2Dnevni boravakKuhinjaKupaonicaOprema parkirno mjestoklima ure\u0111ajSAT-TVpristup internetukuhinjski \u0161tednjakhladnjakzamrziva\u010dposteljinaru\u010dnici terasadvori\u0161teturisti\u010dka pristojba uklju\u010dena cijena\u0161ljun\u010dana pla\u017ea Udaljenosti pla\u017ea: 400 mmore: 400 mcentar grada: 100 mtrgovina: 100 mrestoran: 50 msport: 400 mlije\u010dnik: 150 mljekarna: 5000 mbenzinska postaja: 5000 mBankomat: 150 mpo\u0161ta: 5000 mautobusna stanica: 150 mGalerija slika<div class=\"et_pb_module dsm_image_carousel dsm_image_carousel_0 dsm_image_carousel_arrow_outside dsm_image_carousel_arrow_mobile_inside \">\n\t\t\t\t\n\t\t\t\t\n\t\t\t\t\n\t\t\t\t\n\t\t\t\t\n\t\t\t\t\n\t\t\t\t<div class=\"et_pb_module_inner\">\n\t\t\t\t\t<div class=\"swiper-container dsm_image_carousel_container  dsm_image_carousel_carousel\" dir=\"ltr\"data-effect=\"default\"\n\t\t\tdata-slider-effect-shadows=\"false\"\n\t\t\tdata-slider-effect-coverflow-rotate=\"30\"\n\t\t\tdata-slider-effect-coverflow-depth=\"0\"\n\t\t\tdata-loop=\"true\"\n\t\t\tdata-slide-to-show=\"4\"\n\t\t\tdata-slide-to-show-tablet=\"1\"\n\t\t\tdata-slide-to-show-phone=\"1\"\n\t\t\tdata-slide-to-scroll=\"1\"\n\t\t\tdata-slide-to-scroll-tablet=\"1\"\n\t\t\tdata-slide-to-scroll-phone=\"1\"\n\t\t\tdata-space-between=\"15\"\n\t\t\tdata-space-between-tablet=\"15\"\n\t\t\tdata-space-between-phone=\"15\"\n\t\t\tdata-slide-row=\"1\"\n\t\t\tdata-centered-slides=\"false\"\n\t\t\tdata-speed=\"1000\"\n\t\t\tdata-autoplay=\"true\"\n\t\t\tdata-autoplay-speed=\"5000\"\n\t\t\tdata-touch-move=\"true\"\n\t\t\tdata-grab=\"true\"\n\t\t\tdata-pause-on-hover=\"false\"\n\t\t\tdata-show-lightbox=\"true\"\n\t\t\tdata-lightbox-gallery=\"true\"\n\t\t\tdata-lightbox-caption=\"false\"\n\t\t\tdata-infinite-scrolling=\"false\"\n\t\t\tdata-slide-row-tablet=\"1\"\n\t\t\tdata-slide-row-phone=\"1\"\n\t\t\tdata-autoplay-viewport=80%\n\t\t\tdata-mousewheel=\"false\"\n\t\t\tdata-lazyload=\"false\"\n\t\t\tdata-type=\"carousel\"\n\t\t\tdata-slideshow-effect=\"default\"\n\t\t\tdata-slideshow-to-show=\"4\"\n\t\t\tdata-slideshow-to-show-tablet=\"4\"\n\t\t\tdata-slideshow-to-show-phone=\"\"\n\t\t\tdata-slider-orientation=\"horizontal\"\n\t\t\t\t\t\tdata-lightbox-title=\"false\"\n\n\t\t\t><div class=\"swiper-wrapper\"><div class=\"swiper-slide dsm_image_carousel_item\"><a class=\"dsm_image_carousel_lightbox\" href=\"https:\/\/appnatasa.com\/wp-content\/uploads\/2025\/01\/apartment-natasa-app2-3.jpg\" data-mfp-src=\"https:\/\/appnatasa.com\/wp-content\/uploads\/2025\/01\/apartment-natasa-app2-3.jpg\"><img loading=\"lazy\" decoding=\"async\" src=\"https:\/\/appnatasa.com\/wp-content\/uploads\/2025\/01\/apartment-natasa-app2-3.jpg\" alt=\"\" title=\"apartment natasa app2 (3)\" width=\"1600\" height=\"1018\" data-dsm-image-description=\"\" srcset=\"https:\/\/appnatasa.com\/wp-content\/uploads\/2025\/01\/apartment-natasa-app2-3.jpg 1600w, https:\/\/appnatasa.com\/wp-content\/uploads\/2025\/01\/apartment-natasa-app2-3-1280x814.jpg 1280w, https:\/\/appnatasa.com\/wp-content\/uploads\/2025\/01\/apartment-natasa-app2-3-980x624.jpg 980w, https:\/\/appnatasa.com\/wp-content\/uploads\/2025\/01\/apartment-natasa-app2-3-480x305.jpg 480w\" sizes=\"(min-width: 0px) and (max-width: 480px) 480px, (min-width: 481px) and (max-width: 980px) 980px, (min-width: 981px) and (max-width: 1280px) 1280px, (min-width: 1281px) 1600px, 100vw\" class=\" skip-lazy\" \/><\/a><\/div><div class=\"swiper-slide dsm_image_carousel_item\"><a class=\"dsm_image_carousel_lightbox\" href=\"https:\/\/appnatasa.com\/wp-content\/uploads\/2025\/01\/apartment-natasa-app2-2.jpg\" data-mfp-src=\"https:\/\/appnatasa.com\/wp-content\/uploads\/2025\/01\/apartment-natasa-app2-2.jpg\"><img loading=\"lazy\" decoding=\"async\" src=\"https:\/\/appnatasa.com\/wp-content\/uploads\/2025\/01\/apartment-natasa-app2-2.jpg\" alt=\"\" title=\"apartment natasa app2 (2)\" width=\"1600\" height=\"1200\" data-dsm-image-description=\"\" srcset=\"https:\/\/appnatasa.com\/wp-content\/uploads\/2025\/01\/apartment-natasa-app2-2.jpg 1600w, https:\/\/appnatasa.com\/wp-content\/uploads\/2025\/01\/apartment-natasa-app2-2-1280x960.jpg 1280w, https:\/\/appnatasa.com\/wp-content\/uploads\/2025\/01\/apartment-natasa-app2-2-980x735.jpg 980w, https:\/\/appnatasa.com\/wp-content\/uploads\/2025\/01\/apartment-natasa-app2-2-480x360.jpg 480w\" sizes=\"(min-width: 0px) and (max-width: 480px) 480px, (min-width: 481px) and (max-width: 980px) 980px, (min-width: 981px) and (max-width: 1280px) 1280px, (min-width: 1281px) 1600px, 100vw\" class=\" skip-lazy\" \/><\/a><\/div><div class=\"swiper-slide dsm_image_carousel_item\"><a class=\"dsm_image_carousel_lightbox\" href=\"https:\/\/appnatasa.com\/wp-content\/uploads\/2025\/01\/apartment-natasa-app2-1.jpg\" data-mfp-src=\"https:\/\/appnatasa.com\/wp-content\/uploads\/2025\/01\/apartment-natasa-app2-1.jpg\"><img loading=\"lazy\" decoding=\"async\" src=\"https:\/\/appnatasa.com\/wp-content\/uploads\/2025\/01\/apartment-natasa-app2-1.jpg\" alt=\"\" title=\"apartment natasa app2 (1)\" width=\"1061\" height=\"1200\" data-dsm-image-description=\"\" srcset=\"https:\/\/appnatasa.com\/wp-content\/uploads\/2025\/01\/apartment-natasa-app2-1.jpg 1061w, https:\/\/appnatasa.com\/wp-content\/uploads\/2025\/01\/apartment-natasa-app2-1-980x1108.jpg 980w, https:\/\/appnatasa.com\/wp-content\/uploads\/2025\/01\/apartment-natasa-app2-1-480x543.jpg 480w\" sizes=\"(min-width: 0px) and (max-width: 480px) 480px, (min-width: 481px) and (max-width: 980px) 980px, (min-width: 981px) 1061px, 100vw\" class=\" skip-lazy\" \/><\/a><\/div><div class=\"swiper-slide dsm_image_carousel_item\"><a class=\"dsm_image_carousel_lightbox\" href=\"https:\/\/appnatasa.com\/wp-content\/uploads\/2025\/01\/apartment-natasa-app2-5.jpg\" data-mfp-src=\"https:\/\/appnatasa.com\/wp-content\/uploads\/2025\/01\/apartment-natasa-app2-5.jpg\"><img loading=\"lazy\" decoding=\"async\" src=\"https:\/\/appnatasa.com\/wp-content\/uploads\/2025\/01\/apartment-natasa-app2-5.jpg\" alt=\"\" title=\"apartment natasa app2 (5)\" width=\"1280\" height=\"741\" data-dsm-image-description=\"\" srcset=\"https:\/\/appnatasa.com\/wp-content\/uploads\/2025\/01\/apartment-natasa-app2-5.jpg 1280w, https:\/\/appnatasa.com\/wp-content\/uploads\/2025\/01\/apartment-natasa-app2-5-980x567.jpg 980w, https:\/\/appnatasa.com\/wp-content\/uploads\/2025\/01\/apartment-natasa-app2-5-480x278.jpg 480w\" sizes=\"(min-width: 0px) and (max-width: 480px) 480px, (min-width: 481px) and (max-width: 980px) 980px, (min-width: 981px) 1280px, 100vw\" class=\" skip-lazy\" \/><\/a><\/div><div class=\"swiper-slide dsm_image_carousel_item\"><a class=\"dsm_image_carousel_lightbox\" href=\"https:\/\/appnatasa.com\/wp-content\/uploads\/2025\/01\/apartment-natasa-app2-4.jpg\" data-mfp-src=\"https:\/\/appnatasa.com\/wp-content\/uploads\/2025\/01\/apartment-natasa-app2-4.jpg\"><img loading=\"lazy\" decoding=\"async\" src=\"https:\/\/appnatasa.com\/wp-content\/uploads\/2025\/01\/apartment-natasa-app2-4.jpg\" alt=\"\" title=\"apartment natasa app2 (4)\" width=\"1280\" height=\"747\" data-dsm-image-description=\"\" srcset=\"https:\/\/appnatasa.com\/wp-content\/uploads\/2025\/01\/apartment-natasa-app2-4.jpg 1280w, https:\/\/appnatasa.com\/wp-content\/uploads\/2025\/01\/apartment-natasa-app2-4-980x572.jpg 980w, https:\/\/appnatasa.com\/wp-content\/uploads\/2025\/01\/apartment-natasa-app2-4-480x280.jpg 480w\" sizes=\"(min-width: 0px) and (max-width: 480px) 480px, (min-width: 481px) and (max-width: 980px) 980px, (min-width: 981px) 1280px, 100vw\" class=\" skip-lazy\" \/><\/a><\/div><div class=\"swiper-slide dsm_image_carousel_item\"><a class=\"dsm_image_carousel_lightbox\" href=\"https:\/\/appnatasa.com\/wp-content\/uploads\/2025\/01\/app5_1.jpg\" data-mfp-src=\"https:\/\/appnatasa.com\/wp-content\/uploads\/2025\/01\/app5_1.jpg\"><img loading=\"lazy\" decoding=\"async\" src=\"https:\/\/appnatasa.com\/wp-content\/uploads\/2025\/01\/app5_1.jpg\" alt=\"\" title=\"app5_1\" width=\"635\" height=\"600\" data-dsm-image-description=\"\" srcset=\"https:\/\/appnatasa.com\/wp-content\/uploads\/2025\/01\/app5_1.jpg 635w, https:\/\/appnatasa.com\/wp-content\/uploads\/2025\/01\/app5_1-480x454.jpg 480w\" sizes=\"(min-width: 0px) and (max-width: 480px) 480px, (min-width: 481px) 635px, 100vw\" class=\" skip-lazy\" \/><\/a><\/div><\/div><\/div><div class=\"swiper-button-prev swiper-arrow-button\" data-icon=\"4\"><\/div><div class=\"swiper-button-next swiper-arrow-button\" data-icon=\"5\"><\/div>\n\t\t\t\t<\/div>\n\t\t\t<\/div>Premantura, Istra900 m2 Besplatan parking600m od mora<\/p>\n","protected":false},"author":1,"featured_media":0,"parent":0,"menu_order":0,"comment_status":"closed","ping_status":"closed","template":"","meta":{"_et_pb_use_builder":"on","_et_pb_old_content":"","_et_gb_content_width":"","footnotes":""},"class_list":["post-372","page","type-page","status-publish","hentry"],"_links":{"self":[{"href":"https:\/\/appnatasa.com\/hr\/wp-json\/wp\/v2\/pages\/372","targetHints":{"allow":["GET"]}}],"collection":[{"href":"https:\/\/appnatasa.com\/hr\/wp-json\/wp\/v2\/pages"}],"about":[{"href":"https:\/\/appnatasa.com\/hr\/wp-json\/wp\/v2\/types\/page"}],"author":[{"embeddable":true,"href":"https:\/\/appnatasa.com\/hr\/wp-json\/wp\/v2\/users\/1"}],"replies":[{"embeddable":true,"href":"https:\/\/appnatasa.com\/hr\/wp-json\/wp\/v2\/comments?post=372"}],"version-history":[{"count":10,"href":"https:\/\/appnatasa.com\/hr\/wp-json\/wp\/v2\/pages\/372\/revisions"}],"predecessor-version":[{"id":463,"href":"https:\/\/appnatasa.com\/hr\/wp-json\/wp\/v2\/pages\/372\/revisions\/463"}],"wp:attachment":[{"href":"https:\/\/appnatasa.com\/hr\/wp-json\/wp\/v2\/media?parent=372"}],"curies":[{"name":"wp","href":"https:\/\/api.w.org\/{rel}","templated":true}]}}